{"id":168,"date":"2024-05-16T18:31:50","date_gmt":"2024-05-16T16:31:50","guid":{"rendered":"https:\/\/grupofago.mx\/?page_id=168"},"modified":"2024-11-07T20:44:26","modified_gmt":"2024-11-07T19:44:26","slug":"planeacion-2","status":"publish","type":"page","link":"https:\/\/grupofago.mx\/?page_id=168","title":{"rendered":"Planeaci\u00f3n"},"content":{"rendered":"<p>[et_pb_section fb_built=\u00bb1&#8243; specialty=\u00bbon\u00bb _builder_version=\u00bb4.27.0&#8243; _module_preset=\u00bbdefault\u00bb background_color=\u00bb#374D65&#8243; background_image=\u00bbhttps:\/\/grupofago.mx\/wp-content\/uploads\/2024\/05\/servicios-bg.jpg\u00bb background_blend=\u00bbmultiply\u00bb custom_padding=\u00bb||110px|||\u00bb global_colors_info=\u00bb{}\u00bb][et_pb_column type=\u00bb1_3&#8243; _builder_version=\u00bb4.16&#8243; custom_padding=\u00bb|||\u00bb global_colors_info=\u00bb{}\u00bb custom_padding__hover=\u00bb|||\u00bb][dsm_block_reveal_text block_reveal_text=\u00bbPlaneaci\u00f3n\u00bb block_reveal_color=\u00bb#A51D28&#8243; _builder_version=\u00bb4.27.0&#8243; _module_preset=\u00bbdefault\u00bb header_font=\u00bb|700|||||||\u00bb header_text_align=\u00bbright\u00bb header_text_color=\u00bb#FFFFFF\u00bb header_font_size=\u00bb38px\u00bb custom_margin=\u00bb40px|||||\u00bb global_colors_info=\u00bb{}\u00bb][\/dsm_block_reveal_text][et_pb_text _builder_version=\u00bb4.27.0&#8243; _module_preset=\u00bbdefault\u00bb text_text_color=\u00bb#FA5E14&#8243; header_3_text_align=\u00bbright\u00bb header_3_text_color=\u00bb#FFFFFF\u00bb header_3_font_size=\u00bb21px\u00bb header_3_line_height=\u00bb1.3em\u00bb text_orientation=\u00bbright\u00bb custom_margin=\u00bb40px||||false|false\u00bb global_colors_info=\u00bb{}\u00bb]<\/p>\n<h3>\u00bfNecesitas iniciar un proyecto, conocer su duraci\u00f3n, actores involucrados y el costo?<\/h3>\n<p>[\/et_pb_text][\/et_pb_column][et_pb_column type=\u00bb2_3&#8243; specialty_columns=\u00bb2&#8243; _builder_version=\u00bb4.16&#8243; custom_padding=\u00bb|||\u00bb global_colors_info=\u00bb{}\u00bb custom_padding__hover=\u00bb|||\u00bb][et_pb_row_inner column_structure=\u00bb1_2,1_2&#8243; custom_padding_last_edited=\u00bbon|phone\u00bb _builder_version=\u00bb4.24.1&#8243; _module_preset=\u00bbdefault\u00bb background_color=\u00bb#FFFFFF\u00bb custom_padding=\u00bb70px|55px|70px|55px|true|true\u00bb custom_padding_tablet=\u00bb70px|55px|70px|55px|true|true\u00bb custom_padding_phone=\u00bb30px|25px|30px|25px|true|true\u00bb global_colors_info=\u00bb{}\u00bb][et_pb_column_inner type=\u00bb1_2&#8243; saved_specialty_column_type=\u00bb2_3&#8243; _builder_version=\u00bb4.24.1&#8243; _module_preset=\u00bbdefault\u00bb global_colors_info=\u00bb{}\u00bb][et_pb_text _builder_version=\u00bb4.27.0&#8243; _module_preset=\u00bbdefault\u00bb text_orientation=\u00bbjustified\u00bb hover_enabled=\u00bb0&#8243; global_colors_info=\u00bb{}\u00bb sticky_enabled=\u00bb0&#8243;]<\/p>\n<p>En <strong>Grupo Fago <\/strong>planeamos todo por ti. Nosotros cuantificamos todo el material de construcci\u00f3n necesario y elaboramos el presupuesto, considerando los rendimientos de las cuadrillas de trabajadores, as\u00ed como de nuestros subcontratistas.<\/p>\n<p>Tambi\u00e9n generamos un programa de obra y un programa financiero, evaluamos la ruta cr\u00edtica de actividades, y definimos la duraci\u00f3n del proyecto.<\/p>\n<p>[\/et_pb_text][\/et_pb_column_inner][et_pb_column_inner type=\u00bb1_2&#8243; saved_specialty_column_type=\u00bb2_3&#8243; _builder_version=\u00bb4.24.1&#8243; _module_preset=\u00bbdefault\u00bb global_colors_info=\u00bb{}\u00bb][et_pb_text _builder_version=\u00bb4.24.1&#8243; _module_preset=\u00bbdefault\u00bb text_orientation=\u00bbjustified\u00bb global_colors_info=\u00bb{}\u00bb]<\/p>\n<p>Por \u00faltimo, coordinamos a todos nuestros proveedores y subcontratistas para que conozcan sus tiempos y actividades. Gracias a una correcta y anticipada planeaci\u00f3n, tus proyectos sin duda alguna concluir\u00e1n en tiempo, costo y forma.<\/p>\n<p>[\/et_pb_text][\/et_pb_column_inner][\/et_pb_row_inner][\/et_pb_column][\/et_pb_section][et_pb_section fb_built=\u00bb1&#8243; _builder_version=\u00bb4.27.0&#8243; _module_preset=\u00bbdefault\u00bb custom_padding=\u00bb||0px|||\u00bb global_colors_info=\u00bb{}\u00bb][et_pb_row column_structure=\u00bb1_3,1_3,1_3&#8243; use_custom_gutter=\u00bbon\u00bb gutter_width=\u00bb2&#8243; make_equal=\u00bbon\u00bb _builder_version=\u00bb4.24.1&#8243; _module_preset=\u00bbdefault\u00bb vertical_offset=\u00bb-125px\u00bb locked=\u00bboff\u00bb global_colors_info=\u00bb{}\u00bb][et_pb_column type=\u00bb1_3&#8243; saved_specialty_column_type=\u00bb2_3&#8243; _builder_version=\u00bb4.24.1&#8243; _module_preset=\u00bbdefault\u00bb global_colors_info=\u00bb{}\u00bb][dsm_card title=\u00bbDirecci\u00f3n\u00bb image=\u00bbhttps:\/\/grupofago.mx\/wp-content\/uploads\/2024\/05\/img_direccion.png\u00bb circle_color=\u00bb#FA5E14&#8243; button_text=\u00bbM\u00e1s informaci\u00f3n\u00bb button_url=\u00bb@ET-DC@eyJkeW5hbWljIjp0cnVlLCJjb250ZW50IjoicG9zdF9saW5rX3VybF9wYWdlIiwic2V0dGluZ3MiOnsicG9zdF9pZCI6IjIwNyJ9fQ==@\u00bb button_url_new_window=\u00bb1&#8243; _builder_version=\u00bb4.27.0&#8243; _dynamic_attributes=\u00bbbutton_url\u00bb _module_preset=\u00bbdefault\u00bb header_font=\u00bb|700|||||||\u00bb header_text_color=\u00bb#374D65&#8243; body_font_size=\u00bb12px\u00bb background_color=\u00bb#FFFFFF\u00bb custom_button=\u00bbon\u00bb button_text_size=\u00bb14px\u00bb button_border_width=\u00bb0px\u00bb image_icon_custom_padding=\u00bb15px|15px|15px|15px|true|true\u00bb border_radii_icon=\u00bbon|70px|70px|70px|70px\u00bb box_shadow_style=\u00bbpreset1&#8243; global_colors_info=\u00bb{}\u00bb button_bg_color__hover_enabled=\u00bbon|hover\u00bb button_bg_color__hover=\u00bbrgba(250,94,20,0.87)\u00bb button_bg_enable_color__hover=\u00bbon\u00bb]<\/p>\n<p>En <strong>Grupo<\/strong><strong> Fago<\/strong>\u00a0nos encargamos de dirigir el proyecto entero, concluyendo cada actividad de manera integral, y logrando la satisfacci\u00f3n del cliente.<\/p>\n<p>[\/dsm_card][\/et_pb_column][et_pb_column type=\u00bb1_3&#8243; saved_specialty_column_type=\u00bb2_3&#8243; _builder_version=\u00bb4.24.1&#8243; _module_preset=\u00bbdefault\u00bb global_colors_info=\u00bb{}\u00bb][dsm_card title=\u00bbConstrucci\u00f3n\u00bb image=\u00bbhttps:\/\/grupofago.mx\/wp-content\/uploads\/2024\/05\/img_construccion.png\u00bb circle_color=\u00bb#FA5E14&#8243; button_text=\u00bbM\u00e1s informaci\u00f3n\u00bb button_url=\u00bb@ET-DC@eyJkeW5hbWljIjp0cnVlLCJjb250ZW50IjoicG9zdF9saW5rX3VybF9wYWdlIiwic2V0dGluZ3MiOnsicG9zdF9pZCI6IjIwOSJ9fQ==@\u00bb button_url_new_window=\u00bb1&#8243; _builder_version=\u00bb4.27.0&#8243; _dynamic_attributes=\u00bbbutton_url\u00bb _module_preset=\u00bbdefault\u00bb header_font=\u00bb|700|||||||\u00bb header_text_color=\u00bb#374D65&#8243; body_font_size=\u00bb12px\u00bb background_color=\u00bb#FFFFFF\u00bb custom_button=\u00bbon\u00bb button_text_size=\u00bb14px\u00bb button_border_width=\u00bb0px\u00bb image_icon_custom_padding=\u00bb15px|15px|15px|15px|true|true\u00bb border_radii_icon=\u00bbon|70px|70px|70px|70px\u00bb box_shadow_style=\u00bbpreset1&#8243; global_colors_info=\u00bb{}\u00bb button_bg_color__hover=\u00bbrgba(250,94,20,0.87)\u00bb button_bg_color__hover_enabled=\u00bbon|hover\u00bb]<\/p>\n<p>Contamos con trabajadores con larga carrera enfocados en la obra civil, gente que comparte nuestros valores y garantiza la calidad que nos identifica como empresa.<\/p>\n<p>[\/dsm_card][\/et_pb_column][et_pb_column type=\u00bb1_3&#8243; saved_specialty_column_type=\u00bb2_3&#8243; _builder_version=\u00bb4.24.1&#8243; _module_preset=\u00bbdefault\u00bb global_colors_info=\u00bb{}\u00bb][dsm_card title=\u00bbAdministraci\u00f3n\u00bb image=\u00bbhttps:\/\/grupofago.mx\/wp-content\/uploads\/2024\/05\/img_administracion.png\u00bb circle_color=\u00bb#FA5E14&#8243; button_text=\u00bbM\u00e1s informaci\u00f3n\u00bb button_url=\u00bb@ET-DC@eyJkeW5hbWljIjp0cnVlLCJjb250ZW50IjoicG9zdF9saW5rX3VybF9wYWdlIiwic2V0dGluZ3MiOnsicG9zdF9pZCI6IjIxMSJ9fQ==@\u00bb button_url_new_window=\u00bb1&#8243; _builder_version=\u00bb4.27.0&#8243; _dynamic_attributes=\u00bbbutton_url\u00bb _module_preset=\u00bbdefault\u00bb header_font=\u00bb|700|||||||\u00bb header_text_color=\u00bb#374D65&#8243; body_font_size=\u00bb12px\u00bb background_color=\u00bb#FFFFFF\u00bb custom_button=\u00bbon\u00bb button_text_size=\u00bb14px\u00bb button_border_width=\u00bb0px\u00bb image_icon_custom_padding=\u00bb15px|15px|15px|15px|true|true\u00bb border_radii_icon=\u00bbon|70px|70px|70px|70px\u00bb box_shadow_style=\u00bbpreset1&#8243; global_colors_info=\u00bb{}\u00bb button_bg_color__hover=\u00bbrgba(250,94,20,0.87)\u00bb button_bg_color__hover_enabled=\u00bbon|hover\u00bb]<\/p>\n<p>Como en cada empresa, se requiere un control y visualizaci\u00f3n detallada del flujo de recursos, para que as\u00ed los objetivos se puedan lograr en tiempo y costo.<\/p>\n<p>[\/dsm_card][\/et_pb_column][\/et_pb_row][\/et_pb_section]<\/p>\n","protected":false},"excerpt":{"rendered":"<p><div class=\"et_pb_module dsm_block_reveal_text dsm_block_reveal_text_0\">\n\t\t\t\t\n\t\t\t\t\n\t\t\t\t\n\t\t\t\t\n\t\t\t\t\n\t\t\t\t\n\t\t\t\t<div class=\"et_pb_module_inner\">\n\t\t\t\t\t<div class=\"dsm_block_reveal_text_wrapper\" data-dsm-block-reveal-animation=\"lr\" data-dsm-block-reveal-color=\"#A51D28\" data-dsm-block-reveal-delay=\"0.1\" data-dsm-block-reveal-viewport=\"80%\"><h2 class=\"dsm_block_reveal_text_header et_pb_module_header\">Planeaci\u00f3n<\/h2><\/div>\n\t\t\t\t<\/div>\n\t\t\t<\/div>\u00bfNecesitas iniciar un proyecto, conocer su duraci\u00f3n, actores involucrados y el costo?En Grupo Fago planeamos todo por ti. Nosotros cuantificamos todo el material de construcci\u00f3n necesario y elaboramos el presupuesto, considerando los rendimientos de las cuadrillas de trabajadores, as\u00ed como de nuestros subcontratistas. Tambi\u00e9n generamos un programa de obra y un programa financiero, evaluamos la ruta cr\u00edtica de actividades, y definimos la duraci\u00f3n del proyecto.Por \u00faltimo, coordinamos a todos nuestros proveedores y subcontratistas para que conozcan sus tiempos y actividades. Gracias a una correcta y anticipada planeaci\u00f3n, tus proyectos sin duda alguna concluir\u00e1n en tiempo, costo y forma.<div class=\"et_pb_module dsm_card dsm_card_0 et_pb_bg_layout_light  dsm_card_layout_stacked\">\n\t\t\t\t\n\t\t\t\t\n\t\t\t\t\n\t\t\t\t\n\t\t\t\t\n\t\t\t\t\n\t\t\t\t<div class=\"et_pb_module_inner\">\n\t\t\t\t\t\n\t\t\t\n\t\t\t<figure class=\"dsm_card_image_wrapper dsm_card_badge_top_right\"><div class=\"dsm_card_image_background dsm_card_img\"><\/div><\/figure>\n\t\t\t<div class=\"et_pb_module dsm_card_wrapper et_pb_text_align_left\">\n\t\t\t\t\t\n\t\t\t\t\t<h4 class=\"dsm_card_title et_pb_module_header\">Direcci\u00f3n<\/h4>\n\t\t\t\t\t\n\t\t\t\t\t<div class=\"dsm_card_description\">En Grupo Fago\u00a0nos encargamos de dirigir el proyecto entero, concluyendo cada actividad de manera integral, y logrando la satisfacci\u00f3n del cliente.<\/div>\n\t\t\t\t\t<div class=\"et_pb_button_wrapper\"><a class=\"et_pb_button et_pb_more_button \" href=\"\">M\u00e1s informaci\u00f3n<\/a><\/div>\n\t\t\t\t<\/div>\n\t\t\t\n\t\t\t\t<\/div>\n\t\t\t<\/div><div class=\"et_pb_module dsm_card dsm_card_1 et_pb_bg_layout_light  dsm_card_layout_stacked\">\n\t\t\t\t\n\t\t\t\t\n\t\t\t\t\n\t\t\t\t\n\t\t\t\t\n\t\t\t\t\n\t\t\t\t<div class=\"et_pb_module_inner\">\n\t\t\t\t\t\n\t\t\t\n\t\t\t<figure class=\"dsm_card_image_wrapper dsm_card_badge_top_right\"><div class=\"dsm_card_image_background dsm_card_img\"><\/div><\/figure>\n\t\t\t<div class=\"et_pb_module dsm_card_wrapper et_pb_text_align_left\">\n\t\t\t\t\t\n\t\t\t\t\t<h4 class=\"dsm_card_title et_pb_module_header\">Construcci\u00f3n<\/h4>\n\t\t\t\t\t\n\t\t\t\t\t<div class=\"dsm_card_description\">Contamos con trabajadores con larga carrera enfocados en la obra civil, gente que comparte nuestros valores y garantiza la calidad que nos identifica como empresa.<\/div>\n\t\t\t\t\t<div class=\"et_pb_button_wrapper\"><a class=\"et_pb_button et_pb_more_button \" href=\"\">M\u00e1s informaci\u00f3n<\/a><\/div>\n\t\t\t\t<\/div>\n\t\t\t\n\t\t\t\t<\/div>\n\t\t\t<\/div><div class=\"et_pb_module dsm_card dsm_card_2 et_pb_bg_layout_light  dsm_card_layout_stacked\">\n\t\t\t\t\n\t\t\t\t\n\t\t\t\t\n\t\t\t\t\n\t\t\t\t\n\t\t\t\t\n\t\t\t\t<div class=\"et_pb_module_inner\">\n\t\t\t\t\t\n\t\t\t\n\t\t\t\n\t\t\t<div class=\"et_pb_module dsm_card_wrapper et_pb_text_align_left\">\n\t\t\t\t\t\n\t\t\t\t\t<h4 class=\"dsm_card_title et_pb_module_header\">\u00bbAdministraci\u00f3n\u00bb<\/h4>\n\t\t\t\t\t\n\t\t\t\t\t\n\t\t\t\t\t\n\t\t\t\t<\/div>\n\t\t\t\n\t\t\t\t<\/div>\n\t\t\t<\/div><\/p>\n","protected":false},"author":1,"featured_media":0,"parent":0,"menu_order":0,"comment_status":"closed","ping_status":"closed","template":"","meta":{"_et_pb_use_builder":"on","_et_pb_old_content":"","_et_gb_content_width":"","footnotes":""},"class_list":["post-168","page","type-page","status-publish","hentry"],"_links":{"self":[{"href":"https:\/\/grupofago.mx\/index.php?rest_route=\/wp\/v2\/pages\/168","targetHints":{"allow":["GET"]}}],"collection":[{"href":"https:\/\/grupofago.mx\/index.php?rest_route=\/wp\/v2\/pages"}],"about":[{"href":"https:\/\/grupofago.mx\/index.php?rest_route=\/wp\/v2\/types\/page"}],"author":[{"embeddable":true,"href":"https:\/\/grupofago.mx\/index.php?rest_route=\/wp\/v2\/users\/1"}],"replies":[{"embeddable":true,"href":"https:\/\/grupofago.mx\/index.php?rest_route=%2Fwp%2Fv2%2Fcomments&post=168"}],"version-history":[{"count":19,"href":"https:\/\/grupofago.mx\/index.php?rest_route=\/wp\/v2\/pages\/168\/revisions"}],"predecessor-version":[{"id":1022,"href":"https:\/\/grupofago.mx\/index.php?rest_route=\/wp\/v2\/pages\/168\/revisions\/1022"}],"wp:attachment":[{"href":"https:\/\/grupofago.mx\/index.php?rest_route=%2Fwp%2Fv2%2Fmedia&parent=168"}],"curies":[{"name":"wp","href":"https:\/\/api.w.org\/{rel}","templated":true}]}}