{"id":193,"date":"2024-05-23T01:32:13","date_gmt":"2024-05-22T23:32:13","guid":{"rendered":"https:\/\/grupofago.mx\/?page_id=193"},"modified":"2024-11-07T20:37:51","modified_gmt":"2024-11-07T19:37:51","slug":"nosotros","status":"publish","type":"page","link":"https:\/\/grupofago.mx\/?page_id=193","title":{"rendered":"Nosotros"},"content":{"rendered":"<p>[et_pb_section fb_built=\u00bb1&#8243; _builder_version=\u00bb4.27.0&#8243; _module_preset=\u00bbdefault\u00bb background_color=\u00bbRGBA(255,255,255,0)\u00bb background_image=\u00bbhttps:\/\/grupofago.mx\/wp-content\/uploads\/2024\/05\/1-img_nosotros.jpg\u00bb background_blend=\u00bbmultiply\u00bb min_height=\u00bb600px\u00bb min_height_tablet=\u00bb600px\u00bb min_height_phone=\u00bb600px\u00bb min_height_last_edited=\u00bbon|phone\u00bb custom_css_main_element=\u00bb display: flex;||  justify-content: center;||  align-items: center; \u00bb global_colors_info=\u00bb{}\u00bb custom_css_main_element_last_edited=\u00bbon|phone\u00bb custom_css_main_element_phone=\u00bbdisplay:block;\u00bb custom_css_main_element_tablet=\u00bb display: flex;||  justify-content: center;||  align-items: center; \u00ab][et_pb_row column_structure=\u00bb1_2,1_2&#8243; _builder_version=\u00bb4.24.1&#8243; _module_preset=\u00bbdefault\u00bb global_colors_info=\u00bb{}\u00bb][et_pb_column type=\u00bb1_2&#8243; _builder_version=\u00bb4.24.1&#8243; _module_preset=\u00bbdefault\u00bb global_colors_info=\u00bb{}\u00bb][dsm_block_reveal_text block_reveal_text=\u00bbUNA EMPRESA CON FUERTES CIMIENTOS\u00bb block_reveal_color=\u00bb#374D65&#8243; _builder_version=\u00bb4.27.0&#8243; _module_preset=\u00bbdefault\u00bb header_text_color=\u00bb#FFFFFF\u00bb header_font_size=\u00bb38px\u00bb global_colors_info=\u00bb{}\u00bb][\/dsm_block_reveal_text][\/et_pb_column][et_pb_column type=\u00bb1_2&#8243; _builder_version=\u00bb4.24.1&#8243; _module_preset=\u00bbdefault\u00bb global_colors_info=\u00bb{}\u00bb][\/et_pb_column][\/et_pb_row][\/et_pb_section][et_pb_section fb_built=\u00bb1&#8243; _builder_version=\u00bb4.27.0&#8243; _module_preset=\u00bbdefault\u00bb global_colors_info=\u00bb{}\u00bb][et_pb_row column_structure=\u00bb1_2,1_2&#8243; _builder_version=\u00bb4.27.0&#8243; _module_preset=\u00bbdefault\u00bb global_colors_info=\u00bb{}\u00bb][et_pb_column type=\u00bb1_2&#8243; _builder_version=\u00bb4.24.1&#8243; _module_preset=\u00bbdefault\u00bb global_colors_info=\u00bb{}\u00bb][et_pb_text _builder_version=\u00bb4.27.0&#8243; _module_preset=\u00bbdefault\u00bb text_text_color=\u00bb#FFFFFF\u00bb header_2_font=\u00bb|700|||||||\u00bb header_2_text_color=\u00bb#FFFFFF\u00bb header_2_font_size=\u00bb32px\u00bb hover_enabled=\u00bb0&#8243; global_colors_info=\u00bb{}\u00bb sticky_enabled=\u00bb0&#8243;]<\/p>\n<h2>Historia<\/h2>\n<p>Las ra\u00edces de esta constructora surgen en el a\u00f1o de 1962, con la participaci\u00f3n del Sr. Jos\u00e9 de Jes\u00fas Gonz\u00e1lez Ram\u00edrez como socio y constructor de la empresa Urbanizadora Industrial, S.A. de C.V., siendo la pionera en la Rep\u00fablica Mexicana en la construcci\u00f3n de vivienda de inter\u00e9s social. Tuvo su inicio en la ciudad de San Luis Potos\u00ed, extendi\u00e9ndose en la construcci\u00f3n de vivienda a las ciudades de Irapuato, Quer\u00e9taro, Celaya, Morelia y Le\u00f3n, abarcando casi todo el baj\u00edo.<\/p>\n<p>Paralelamente el Sr. Jos\u00e9 de Jes\u00fas Gonz\u00e1lez Ram\u00edrez, en forma independiente, comienza a realizar obras de tipo comercial, Industrial, Residencial y Religioso en varias ciudades del pa\u00eds, adquiriendo gran experiencia, calidad y reconocido prestigio en estas \u00e1reas. Con la fusi\u00f3n de sus dos hijos, inicia en 1994 la empresa Gonz\u00e1lez Ram\u00edrez Constructores, S.A de C.V., empresa joven avalada profesional y t\u00e9cnicamente por los a\u00f1os de trabajo realizados en el ramo de la construcci\u00f3n de su socio fundador.<\/p>\n<p>Al paso de los a\u00f1os y por necesidades propias de los socios, se funda en 2010 la empresa GRUPO FAGO, S.A. DE C.V., manteniendo el mismo personal y las mismas pol\u00edticas de trabajo de la empresa anterior, logrando as\u00ed darle continuidad a la calidad en las obras y aprovechando la experiencia ganada en estos a\u00f1os de trabajo.<\/p>\n<p>[\/et_pb_text][\/et_pb_column][et_pb_column type=\u00bb1_2&#8243; _builder_version=\u00bb4.24.1&#8243; _module_preset=\u00bbdefault\u00bb global_colors_info=\u00bb{}\u00bb][et_pb_text _builder_version=\u00bb4.27.0&#8243; _module_preset=\u00bbdefault\u00bb text_text_color=\u00bb#FFFFFF\u00bb header_2_font=\u00bb|700|||||||\u00bb header_2_text_color=\u00bb#FFFFFF\u00bb header_2_font_size=\u00bb32px\u00bb global_colors_info=\u00bb{}\u00bb]<\/p>\n<h2>Filosof\u00eda de trabajo<\/h2>\n<p>Para nosotros, el recurso humano es lo m\u00e1s importante en este planeta. Nuestro objetivo principal es elevar la calidad de vida de nuestros empleados, clientes y terceros, a trav\u00e9s de nuestros proyectos. Honestidad, empat\u00eda, transparencia y respeto, son los cimientos de la empresa. El terminar una obra con calidad, en costo y tiempo, nos caracteriza desde el nacimiento de la empresa. Nos comunicamos claramente, y esto hace que trabajemos en equipo eficientemente dentro de la empresa, con nuestros proveedores y nuestros clientes.<\/p>\n<p>Cada uno de nuestros proyectos, da a la sociedad un ejemplo claro de la \u00e9tica empresarial y humana, que conforman la filosof\u00eda de trabajo de Grupo Fago. Trabajamos d\u00eda a d\u00eda en posicionarnos como la empresa constructora de mayor confianza en San Luis Potos\u00ed, y nos enfocamos en realizar proyectos de gran beneficio en la sociedad. El ser un ejemplo claro de profesionalidad, \u00e9tica y humanismo a las actuales y futuras empresas constructoras, es nuestro sue\u00f1o en vida.<\/p>\n<p>[\/et_pb_text][\/et_pb_column][\/et_pb_row][\/et_pb_section][et_pb_section fb_built=\u00bb1&#8243; custom_padding_last_edited=\u00bbon|desktop\u00bb prev_background_color=\u00bb#ffffff\u00bb _builder_version=\u00bb4.24.1&#8243; _module_preset=\u00bbdefault\u00bb background_color=\u00bb#1C396B\u00bb background_image=\u00bbhttps:\/\/grupofago.mx\/wp-content\/uploads\/2024\/03\/about.jpg\u00bb background_blend=\u00bbmultiply\u00bb custom_padding=\u00bb150px||||false|false\u00bb custom_padding_tablet=\u00bb150px||||false|false\u00bb custom_padding_phone=\u00bb150px||||false|false\u00bb top_divider_style=\u00bbarrow2&#8243; global_colors_info=\u00bb{}\u00bb][et_pb_row column_structure=\u00bb1_2,1_4,1_4&#8243; make_equal=\u00bbon\u00bb _builder_version=\u00bb4.24.1&#8243; _module_preset=\u00bbdefault\u00bb global_colors_info=\u00bb{}\u00bb][et_pb_column type=\u00bb1_2&#8243; _builder_version=\u00bb4.24.1&#8243; _module_preset=\u00bbdefault\u00bb custom_padding_tablet=\u00bb\u00bb custom_padding_phone=\u00bb||25px||false|false\u00bb custom_padding_last_edited=\u00bbon|phone\u00bb border_width_right=\u00bb1px\u00bb border_color_right=\u00bb#FFFFFF\u00bb border_color_bottom=\u00bb#FFFFFF\u00bb border_width_right_tablet=\u00bb1px\u00bb border_width_right_phone=\u00bb0px\u00bb border_width_right_last_edited=\u00bbon|phone\u00bb border_width_bottom_tablet=\u00bb\u00bb border_width_bottom_phone=\u00bb1px\u00bb border_width_bottom_last_edited=\u00bbon|phone\u00bb global_colors_info=\u00bb{}\u00bb][dsm_block_reveal_text block_reveal_text=\u00bbCOMPROMETIDOS CON PROYECTOS DE CALIDAD\u00bb block_reveal_color=\u00bb#A51D28&#8243; _builder_version=\u00bb4.27.0&#8243; _module_preset=\u00bbdefault\u00bb header_font=\u00bb|700|||||||\u00bb header_text_color=\u00bb#FFFFFF\u00bb header_font_size=\u00bb32px\u00bb global_colors_info=\u00bb{}\u00bb][\/dsm_block_reveal_text][\/et_pb_column][et_pb_column type=\u00bb1_4&#8243; _builder_version=\u00bb4.24.1&#8243; _module_preset=\u00bbdefault\u00bb global_colors_info=\u00bb{}\u00bb][dsm_block_reveal_text block_reveal_text=\u00bbMisi\u00f3n\u00bb block_reveal_color=\u00bb#374D65&#8243; _builder_version=\u00bb4.27.0&#8243; _module_preset=\u00bbdefault\u00bb header_font=\u00bb|600|||||||\u00bb header_text_color=\u00bb#FFFFFF\u00bb header_font_size=\u00bb28px\u00bb global_colors_info=\u00bb{}\u00bb][\/dsm_block_reveal_text][et_pb_text _builder_version=\u00bb4.24.1&#8243; _module_preset=\u00bbdefault\u00bb text_text_color=\u00bb#FFFFFF\u00bb text_font_size=\u00bb16px\u00bb text_line_height=\u00bb1.8em\u00bb global_colors_info=\u00bb{}\u00bb]Elevar la calidad de vida de nuestros empleados, clientes y terceros a trav\u00e9s de nuestros proyectos.[\/et_pb_text][\/et_pb_column][et_pb_column type=\u00bb1_4&#8243; _builder_version=\u00bb4.24.1&#8243; _module_preset=\u00bbdefault\u00bb global_colors_info=\u00bb{}\u00bb][dsm_block_reveal_text block_reveal_text=\u00bbVisi\u00f3n\u00bb block_reveal_color=\u00bb#374D65&#8243; _builder_version=\u00bb4.27.0&#8243; _module_preset=\u00bbdefault\u00bb header_font=\u00bb|600|||||||\u00bb header_text_color=\u00bb#FFFFFF\u00bb header_font_size=\u00bb28px\u00bb global_colors_info=\u00bb{}\u00bb][\/dsm_block_reveal_text][et_pb_text _builder_version=\u00bb4.24.1&#8243; _module_preset=\u00bbdefault\u00bb text_text_color=\u00bb#FFFFFF\u00bb text_font_size=\u00bb16px\u00bb text_line_height=\u00bb1.8em\u00bb global_colors_info=\u00bb{}\u00bb]Ser empresa l\u00edder nacional en Servicio de construcci\u00f3n y desarrollo de proyectos comerciales, habitacionales e industriales.[\/et_pb_text][\/et_pb_column][\/et_pb_row][\/et_pb_section][et_pb_section fb_built=\u00bb1&#8243; _builder_version=\u00bb4.27.0&#8243; _module_preset=\u00bbdefault\u00bb background_color=\u00bb#FFFFFF\u00bb global_colors_info=\u00bb{}\u00bb][et_pb_row column_structure=\u00bb1_4,1_2,1_4&#8243; use_custom_gutter=\u00bbon\u00bb gutter_width=\u00bb1&#8243; _builder_version=\u00bb4.24.1&#8243; _module_preset=\u00bbdefault\u00bb height_tablet=\u00bb\u00bb height_phone=\u00bb\u00bb height_last_edited=\u00bbon|phone\u00bb custom_margin=\u00bb||0px||false|false\u00bb custom_padding=\u00bb||0px||false|false\u00bb global_colors_info=\u00bb{}\u00bb][et_pb_column type=\u00bb1_4&#8243; _builder_version=\u00bb4.24.1&#8243; _module_preset=\u00bbdefault\u00bb global_colors_info=\u00bb{}\u00bb][et_pb_divider color=\u00bb#c4c4c4&#8243; divider_position=\u00bbbottom\u00bb _builder_version=\u00bb4.24.1&#8243; _module_preset=\u00bbdefault\u00bb custom_margin=\u00bb25px||||false|false\u00bb global_colors_info=\u00bb{}\u00bb][\/et_pb_divider][\/et_pb_column][et_pb_column type=\u00bb1_2&#8243; _builder_version=\u00bb4.24.1&#8243; _module_preset=\u00bbdefault\u00bb global_colors_info=\u00bb{}\u00bb][et_pb_text _builder_version=\u00bb4.27.0&#8243; _module_preset=\u00bbdefault\u00bb header_2_font=\u00bb|800|||||||\u00bb header_2_text_align=\u00bbcenter\u00bb header_2_text_color=\u00bb#374D65&#8243; header_2_font_size=\u00bb18px\u00bb header_2_letter_spacing=\u00bb3px\u00bb global_colors_info=\u00bb{}\u00bb]<\/p>\n<h2>ORGANIGRAMA<\/h2>\n<p>[\/et_pb_text][et_pb_text _builder_version=\u00bb4.27.0&#8243; _module_preset=\u00bbdefault\u00bb header_2_font=\u00bb|700|||||||\u00bb header_2_text_align=\u00bbcenter\u00bb header_2_text_color=\u00bb#1c396b\u00bb header_2_font_size=\u00bb38px\u00bb global_colors_info=\u00bb{}\u00bb]<\/p>\n<h2>Director Ejecutivo<\/h2>\n<p>[\/et_pb_text][\/et_pb_column][et_pb_column type=\u00bb1_4&#8243; _builder_version=\u00bb4.24.1&#8243; _module_preset=\u00bbdefault\u00bb global_colors_info=\u00bb{}\u00bb][et_pb_divider color=\u00bb#c4c4c4&#8243; divider_position=\u00bbbottom\u00bb _builder_version=\u00bb4.24.1&#8243; _module_preset=\u00bbdefault\u00bb custom_margin=\u00bb25px||||false|false\u00bb global_colors_info=\u00bb{}\u00bb][\/et_pb_divider][\/et_pb_column][\/et_pb_row][et_pb_row column_structure=\u00bb1_4,1_4,1_4,1_4&#8243; use_custom_gutter=\u00bbon\u00bb gutter_width=\u00bb1&#8243; make_equal=\u00bbon\u00bb _builder_version=\u00bb4.27.0&#8243; _module_preset=\u00bbdefault\u00bb height=\u00bb500px\u00bb height_tablet=\u00bb717px\u00bb height_phone=\u00bbauto\u00bb height_last_edited=\u00bbon|phone\u00bb global_colors_info=\u00bb{}\u00bb][et_pb_column type=\u00bb1_4&#8243; _builder_version=\u00bb4.24.1&#8243; _module_preset=\u00bbdefault\u00bb custom_padding=\u00bb10%||||false|false\u00bb custom_padding_tablet=\u00bb10%||||false|false\u00bb custom_padding_phone=\u00bb10%||30px||false|false\u00bb custom_padding_last_edited=\u00bbon|phone\u00bb border_color_right=\u00bb#c4c4c4&#8243; border_color_bottom=\u00bb#c4c4c4&#8243; border_width_left=\u00bb1px\u00bb border_color_left=\u00bb#c4c4c4&#8243; border_width_right_tablet=\u00bb\u00bb border_width_right_phone=\u00bb1px\u00bb border_width_right_last_edited=\u00bbon|phone\u00bb border_width_bottom_tablet=\u00bb\u00bb border_width_bottom_phone=\u00bb5px\u00bb border_width_bottom_last_edited=\u00bbon|phone\u00bb global_colors_info=\u00bb{}\u00bb][et_pb_text _builder_version=\u00bb4.27.0&#8243; _module_preset=\u00bbdefault\u00bb header_2_font=\u00bb|600|||||||\u00bb header_2_text_align=\u00bbcenter\u00bb header_2_text_color=\u00bb#374D65&#8243; custom_margin=\u00bb||35px||false|false\u00bb custom_padding=\u00bb||71px||false|false\u00bb border_width_bottom=\u00bb1px\u00bb border_color_bottom=\u00bb#c4c4c4&#8243; global_colors_info=\u00bb{}\u00bb]<\/p>\n<h2>Gerente de obra<\/h2>\n<p>[\/et_pb_text][et_pb_text _builder_version=\u00bb4.27.0&#8243; _module_preset=\u00bbdefault\u00bb text_text_color=\u00bb#374D65&#8243; text_font_size=\u00bb16px\u00bb text_orientation=\u00bbcenter\u00bb custom_padding=\u00bb|15px||15px|false|true\u00bb global_colors_info=\u00bb{}\u00bb]<\/p>\n<p>Administrador de obra<\/p>\n<p>Residente de obra<\/p>\n<p>Maestros, oficiales y ayudantes de obra<\/p>\n<p>[\/et_pb_text][\/et_pb_column][et_pb_column type=\u00bb1_4&#8243; _builder_version=\u00bb4.24.1&#8243; _module_preset=\u00bbdefault\u00bb custom_padding=\u00bb10%||||false|false\u00bb custom_padding_tablet=\u00bb10%||||false|false\u00bb custom_padding_phone=\u00bb10%||30px||false|false\u00bb custom_padding_last_edited=\u00bbon|phone\u00bb border_color_right=\u00bb#c4c4c4&#8243; border_color_bottom=\u00bb#c4c4c4&#8243; border_width_left=\u00bb1px\u00bb border_color_left=\u00bb#c4c4c4&#8243; border_width_right_tablet=\u00bb\u00bb border_width_right_phone=\u00bb1px\u00bb border_width_right_last_edited=\u00bbon|phone\u00bb border_width_bottom_tablet=\u00bb\u00bb border_width_bottom_phone=\u00bb5px\u00bb border_width_bottom_last_edited=\u00bbon|phone\u00bb global_colors_info=\u00bb{}\u00bb custom_css_main_element_last_edited=\u00bbon|phone\u00bb][et_pb_text _builder_version=\u00bb4.27.0&#8243; _module_preset=\u00bbdefault\u00bb header_text_color=\u00bb#374D65&#8243; header_2_font=\u00bb|600|||||||\u00bb header_2_text_align=\u00bbcenter\u00bb header_2_text_color=\u00bb#374D65&#8243; custom_margin=\u00bb||35px||false|false\u00bb custom_padding=\u00bb||48px||false|false\u00bb border_width_bottom=\u00bb1px\u00bb border_color_bottom=\u00bb#c4c4c4&#8243; global_colors_info=\u00bb{}\u00bb]<\/p>\n<h2>Gerente de proyectos<\/h2>\n<p>[\/et_pb_text][et_pb_text _builder_version=\u00bb4.27.0&#8243; _module_preset=\u00bbdefault\u00bb text_text_color=\u00bb#374D65&#8243; text_font_size=\u00bb16px\u00bb text_orientation=\u00bbcenter\u00bb global_colors_info=\u00bb{}\u00bb]<\/p>\n<p>Proyectista<\/p>\n<p>Dibujante<\/p>\n<p>Analista de costos<\/p>\n<p>[\/et_pb_text][\/et_pb_column][et_pb_column type=\u00bb1_4&#8243; _builder_version=\u00bb4.24.1&#8243; _module_preset=\u00bbdefault\u00bb custom_padding=\u00bb10%||||false|false\u00bb custom_padding_tablet=\u00bb10%||||false|false\u00bb custom_padding_phone=\u00bb10%||30px||false|false\u00bb custom_padding_last_edited=\u00bbon|phone\u00bb border_color_right=\u00bb#c4c4c4&#8243; border_color_bottom=\u00bb#c4c4c4&#8243; border_width_left=\u00bb1px\u00bb border_color_left=\u00bb#c4c4c4&#8243; border_width_right_tablet=\u00bb\u00bb border_width_right_phone=\u00bb1px\u00bb border_width_right_last_edited=\u00bbon|phone\u00bb border_width_bottom_tablet=\u00bb\u00bb border_width_bottom_phone=\u00bb5px\u00bb border_width_bottom_last_edited=\u00bbon|phone\u00bb global_colors_info=\u00bb{}\u00bb][et_pb_text _builder_version=\u00bb4.27.0&#8243; _module_preset=\u00bbdefault\u00bb header_text_color=\u00bb#A51D28&#8243; header_2_font=\u00bb|600|||||||\u00bb header_2_text_align=\u00bbcenter\u00bb header_2_text_color=\u00bb#374D65&#8243; custom_margin=\u00bb||35px||false|false\u00bb custom_padding=\u00bb||48px||false|false\u00bb border_width_bottom=\u00bb1px\u00bb border_color_bottom=\u00bb#c4c4c4&#8243; global_colors_info=\u00bb{}\u00bb]<\/p>\n<h2>Gerente de recursos humanos<\/h2>\n<p>[\/et_pb_text][et_pb_text _builder_version=\u00bb4.27.0&#8243; _module_preset=\u00bbdefault\u00bb text_text_color=\u00bb#374D65&#8243; text_font_size=\u00bb16px\u00bb text_orientation=\u00bbcenter\u00bb global_colors_info=\u00bb{}\u00bb]<\/p>\n<p>Seguridad e higiene<\/p>\n<p>&nbsp;<\/p>\n<p>Auxiliar<\/p>\n<p>[\/et_pb_text][\/et_pb_column][et_pb_column type=\u00bb1_4&#8243; _builder_version=\u00bb4.24.1&#8243; _module_preset=\u00bbdefault\u00bb custom_padding=\u00bb10%||||false|false\u00bb custom_padding_tablet=\u00bb10%||||false|false\u00bb custom_padding_phone=\u00bb10%||25px||false|false\u00bb custom_padding_last_edited=\u00bbon|phone\u00bb border_width_right=\u00bb1px\u00bb border_color_right=\u00bb#c4c4c4&#8243; border_width_left=\u00bb1px\u00bb border_color_left=\u00bb#c4c4c4&#8243; border_width_bottom_tablet=\u00bb\u00bb border_width_bottom_phone=\u00bb1px\u00bb border_width_bottom_last_edited=\u00bbon|phone\u00bb global_colors_info=\u00bb{}\u00bb][et_pb_text _builder_version=\u00bb4.27.0&#8243; _module_preset=\u00bbdefault\u00bb header_2_font=\u00bb|600|||||||\u00bb header_2_text_align=\u00bbcenter\u00bb header_2_text_color=\u00bb#374D65&#8243; custom_margin=\u00bb||35px||false|false\u00bb custom_padding=\u00bb||25px||false|false\u00bb border_width_bottom=\u00bb1px\u00bb border_color_bottom=\u00bb#c4c4c4&#8243; global_colors_info=\u00bb{}\u00bb]<\/p>\n<h2>Gerente administrativo y financiero<\/h2>\n<p>[\/et_pb_text][et_pb_text _builder_version=\u00bb4.27.0&#8243; _module_preset=\u00bbdefault\u00bb text_text_color=\u00bb#374D65&#8243; text_font_size=\u00bb16px\u00bb text_orientation=\u00bbcenter\u00bb global_colors_info=\u00bb{}\u00bb]<\/p>\n<p>Compras y administraci\u00f3n<\/p>\n<p>[\/et_pb_text][\/et_pb_column][\/et_pb_row][\/et_pb_section]<\/p>\n","protected":false},"excerpt":{"rendered":"<p><div class=\"et_pb_module dsm_block_reveal_text dsm_block_reveal_text_0\">\n\t\t\t\t\n\t\t\t\t\n\t\t\t\t\n\t\t\t\t\n\t\t\t\t\n\t\t\t\t\n\t\t\t\t<div class=\"et_pb_module_inner\">\n\t\t\t\t\t<div class=\"dsm_block_reveal_text_wrapper\" data-dsm-block-reveal-animation=\"lr\" data-dsm-block-reveal-color=\"#374D65\" data-dsm-block-reveal-delay=\"0.1\" data-dsm-block-reveal-viewport=\"80%\"><h2 class=\"dsm_block_reveal_text_header et_pb_module_header\">UNA EMPRESA CON FUERTES CIMIENTOS<\/h2><\/div>\n\t\t\t\t<\/div>\n\t\t\t<\/div>Historia Las ra\u00edces de esta constructora surgen en el a\u00f1o de 1962, con la participaci\u00f3n del Sr. Jos\u00e9 de Jes\u00fas Gonz\u00e1lez Ram\u00edrez como socio y constructor de la empresa Urbanizadora Industrial, S.A. de C.V., siendo la pionera en la Rep\u00fablica Mexicana en la construcci\u00f3n de vivienda de inter\u00e9s social. Tuvo su inicio en la ciudad de San Luis Potos\u00ed, extendi\u00e9ndose en la construcci\u00f3n de vivienda a las ciudades de Irapuato, Quer\u00e9taro, Celaya, Morelia y Le\u00f3n, abarcando casi todo el baj\u00edo. Paralelamente el Sr. Jos\u00e9 de Jes\u00fas Gonz\u00e1lez Ram\u00edrez, en forma independiente, comienza a realizar obras de tipo comercial, Industrial, Residencial y Religioso en varias ciudades del pa\u00eds, adquiriendo gran experiencia, calidad y reconocido prestigio en estas \u00e1reas. Con la fusi\u00f3n de sus dos hijos, inicia en 1994 la empresa Gonz\u00e1lez Ram\u00edrez Constructores, S.A de C.V., empresa joven avalada profesional y t\u00e9cnicamente por los a\u00f1os de trabajo realizados en el ramo de la construcci\u00f3n de su socio fundador. Al paso de los a\u00f1os y por necesidades propias de los socios, se funda en 2010 la empresa GRUPO FAGO, S.A. DE C.V., manteniendo el mismo personal y las mismas pol\u00edticas de [&hellip;]<\/p>\n","protected":false},"author":1,"featured_media":0,"parent":0,"menu_order":0,"comment_status":"closed","ping_status":"closed","template":"","meta":{"_et_pb_use_builder":"on","_et_pb_old_content":"","_et_gb_content_width":"","footnotes":""},"class_list":["post-193","page","type-page","status-publish","hentry"],"_links":{"self":[{"href":"https:\/\/grupofago.mx\/index.php?rest_route=\/wp\/v2\/pages\/193","targetHints":{"allow":["GET"]}}],"collection":[{"href":"https:\/\/grupofago.mx\/index.php?rest_route=\/wp\/v2\/pages"}],"about":[{"href":"https:\/\/grupofago.mx\/index.php?rest_route=\/wp\/v2\/types\/page"}],"author":[{"embeddable":true,"href":"https:\/\/grupofago.mx\/index.php?rest_route=\/wp\/v2\/users\/1"}],"replies":[{"embeddable":true,"href":"https:\/\/grupofago.mx\/index.php?rest_route=%2Fwp%2Fv2%2Fcomments&post=193"}],"version-history":[{"count":27,"href":"https:\/\/grupofago.mx\/index.php?rest_route=\/wp\/v2\/pages\/193\/revisions"}],"predecessor-version":[{"id":1018,"href":"https:\/\/grupofago.mx\/index.php?rest_route=\/wp\/v2\/pages\/193\/revisions\/1018"}],"wp:attachment":[{"href":"https:\/\/grupofago.mx\/index.php?rest_route=%2Fwp%2Fv2%2Fmedia&parent=193"}],"curies":[{"name":"wp","href":"https:\/\/api.w.org\/{rel}","templated":true}]}}